{"id":820,"date":"2021-09-01T14:20:27","date_gmt":"2021-09-01T12:20:27","guid":{"rendered":"https:\/\/staging.pclec.eu\/?page_id=820"},"modified":"2021-10-18T19:01:46","modified_gmt":"2021-10-18T17:01:46","slug":"registrati","status":"publish","type":"page","link":"https:\/\/staging.pclec.eu\/it\/registrati\/","title":{"rendered":"Registrati"},"content":{"rendered":"<div class=\"fusion-fullwidth fullwidth-box fusion-builder-row-1 fusion-flex-container nonhundred-percent-fullwidth non-hundred-percent-height-scrolling\" style=\"--awb-border-radius-top-left:0px;--awb-border-radius-top-right:0px;--awb-border-radius-bottom-right:0px;--awb-border-radius-bottom-left:0px;\" ><div class=\"fusion-builder-row fusion-row fusion-flex-align-items-flex-start\" style=\"max-width:1456px;margin-left: calc(-4% \/ 2 );margin-right: calc(-4% \/ 2 );\"><div class=\"fusion-layout-column fusion_builder_column fusion-builder-column-0 fusion_builder_column_1_1 1_1 fusion-flex-column\" style=\"--awb-bg-size:cover;--awb-width-large:100%;--awb-margin-top-large:0px;--awb-spacing-right-large:1.92%;--awb-margin-bottom-large:20px;--awb-spacing-left-large:1.92%;--awb-width-medium:100%;--awb-order-medium:0;--awb-spacing-right-medium:1.92%;--awb-spacing-left-medium:1.92%;--awb-width-small:100%;--awb-order-small:0;--awb-spacing-right-small:1.92%;--awb-spacing-left-small:1.92%;\"><div class=\"fusion-column-wrapper fusion-column-has-shadow fusion-flex-justify-content-flex-start fusion-content-layout-column\"><div class=\"fusion-text fusion-text-1\" style=\"--awb-text-font-family:&quot;Poppins&quot;;--awb-text-font-style:normal;--awb-text-font-weight:400;\"><p><span style=\"font-weight: 400;\">Compilando questo modulo, la scuola esprime la propria disponibilit\u00e0 a far parte dell&#8217;Associaci\u00f3 per a la Millora de la Comprensi\u00f3 Lectora nonch\u00e9 al pagamento della quota associativa annuale (\u20ac 40). Pochi minuti dopo aver inviato il modulo, riceverai un&#8217;e-mail con il resto delle informazioni.<\/span><\/p>\n<p><span style=\"font-weight: 400;\">Il centro pu\u00f2 leggere l&#8217;informativa sulla privacy dei dati dell\u2019AMCL facendo clic sul collegamento nella parte inferiore del modulo.<\/span><\/p>\n<\/div>  <div id=\"pclec-register\">\n\n    <form class=\"register\" ref=\"register\" v-on:submit.prevent=\"registerNewUser\" autocomplete=\"off\">\n\n      <div class=\"form-cols\">\n        <div>\n          <div class=\"input-wrapper\">\n            <input type=\"text\" placeholder=\"Nome della scuola*\" name=\"name\" required \/>\n          <\/div>\n          <div class=\"input-wrapper\">\n            <input type=\"text\" placeholder=\"Codice della scuola*\" name=\"code\" required \/>\n          <\/div>\n          <div class=\"input-wrapper\">\n            <input type=\"text\" placeholder=\"Indirizzo della scuola*\" name=\"address\" required \/>\n          <\/div>\n          <div class=\"input-wrapper double\">\n            <input type=\"text\" placeholder=\"Codice postale*\" name=\"zip_code\" required \/>\n            <input type=\"text\" placeholder=\"Localit\u00e0*\" name=\"city\" required \/>\n          <\/div>\n          <div class=\"input-wrapper\">\n            <select name=\"country\" required>\n              <option value=\"\">Nazione*<\/option>\n              <option value=\"es\">Spagna<\/option>\n              <option value=\"it\">Italia<\/option>\n            <\/select>\n          <\/div>\n        <\/div>\n        <div>\n          <div class=\"input-wrapper\">\n            <select name=\"etapa\" required>\n              <option value=\"\">Ciclo di istruzione*<\/option>\n              <option value=\"primaria\">Primaria<\/option>\n              <option value=\"secundaria\">Secondaria di primo grado<\/option>\n            <\/select>\n          <\/div>\n          <div class=\"input-wrapper\">\n            <select name=\"titularitat\" required>\n              <option value=\"\">Propiet\u00e0*<\/option>\n              <option value=\"publica\">Pubblica<\/option>\n              <option value=\"privada\">Privata<\/option>\n            <\/select>\n          <\/div>\n          <div class=\"input-wrapper\">\n            <input type=\"text\" placeholder=\"Codice fiscale della scuola*\" name=\"nif\" required \/>\n          <\/div>\n          <div class=\"input-wrapper\">\n            <input type=\"email\" placeholder=\"E-mail della scuola*\" name=\"email\" required \/>\n          <\/div>\n          <div class=\"input-wrapper double\">\n            <input type=\"password\" placeholder=\"Password*\" name=\"pwd\" required \/>\n            <input type=\"password\" placeholder=\"Ripeti la password*\" name=\"pwd2\" required \/>\n          <\/div>\n        <\/div>\n      <\/div>\n\n      <div class=\"obl\">* Campi richiesti<\/div>\n\n      <div class=\"check\">\n        <label>\n          <input type=\"checkbox\" name=\"privacy\" required \/>\n          Accettiamo l'<a href=\"https:\/\/staging.pclec.eu\/it\/privacy\/\" target=\"_blank\">informativa sulla privacy<\/a>        <\/label>\n      <\/div>\n\n      <div class=\"check\">\n        <label>\n          <input type=\"checkbox\" name=\"quota\" required \/>\n          Si accetta che gli amministratori della domanda registrino il PCL nel centro con l'impegno di rendere effettiva la quota associativa annuale.        <\/label>\n      <\/div>\n\n      <input type=\"hidden\" name=\"action\" value=\"pclec_register_form_response\" \/>\n      <input type=\"hidden\" name=\"nonce\" value=\"bc8c98f5f6\" \/>\n      <button type=\"submit\" class=\"btn-4\">Iscrizione<\/button>\n\n      <ul class=\"ocv-success\" v-if=\"success.length\" v-on:click=\"success = []\">\n        <li v-for=\"success_msg in success\">{{ success_msg }}<\/li>\n      <\/ul>\n\n      <ul class=\"ocv-errors\" v-if=\"errors.length\" v-on:click=\"errors = []\">\n        <li v-for=\"error in errors\">{{ error.text }}<\/li>\n      <\/ul>\n    <\/form>\n\n    <div class=\"ocv-loader-wrapper\" v-if=\"loading\">\n      <div class=\"ocv-loader\">\n        <span><\/span>\n        <span><\/span>\n        <span><\/span>\n        <span><\/span>\n      <\/div>\n    <\/div>\n\n  <\/div>\n\n  <script type=\"text\/javascript\">\n    var pclecInjectData = {\"atts\":{\"type\":\"normal\"}};\n  <\/script>\n\n<\/div><\/div><\/div><\/div>\n","protected":false},"excerpt":{"rendered":"","protected":false},"author":1,"featured_media":0,"parent":0,"menu_order":0,"comment_status":"closed","ping_status":"closed","template":"","meta":{"footnotes":""},"class_list":["post-820","page","type-page","status-publish","hentry"],"acf":[],"_links":{"self":[{"href":"https:\/\/staging.pclec.eu\/it\/wp-json\/wp\/v2\/pages\/820","targetHints":{"allow":["GET"]}}],"collection":[{"href":"https:\/\/staging.pclec.eu\/it\/wp-json\/wp\/v2\/pages"}],"about":[{"href":"https:\/\/staging.pclec.eu\/it\/wp-json\/wp\/v2\/types\/page"}],"author":[{"embeddable":true,"href":"https:\/\/staging.pclec.eu\/it\/wp-json\/wp\/v2\/users\/1"}],"replies":[{"embeddable":true,"href":"https:\/\/staging.pclec.eu\/it\/wp-json\/wp\/v2\/comments?post=820"}],"version-history":[{"count":4,"href":"https:\/\/staging.pclec.eu\/it\/wp-json\/wp\/v2\/pages\/820\/revisions"}],"predecessor-version":[{"id":2151,"href":"https:\/\/staging.pclec.eu\/it\/wp-json\/wp\/v2\/pages\/820\/revisions\/2151"}],"wp:attachment":[{"href":"https:\/\/staging.pclec.eu\/it\/wp-json\/wp\/v2\/media?parent=820"}],"curies":[{"name":"wp","href":"https:\/\/api.w.org\/{rel}","templated":true}]}}